{"id":10,"date":"2022-08-05T14:09:12","date_gmt":"2022-08-05T12:09:12","guid":{"rendered":"http:\/\/qigong-taichi-gaia.fr\/?page_id=10"},"modified":"2025-04-23T15:31:16","modified_gmt":"2025-04-23T13:31:16","slug":"association","status":"publish","type":"page","link":"https:\/\/qigong-taichi-gaia.fr\/index.php\/association\/","title":{"rendered":"L&rsquo;association"},"content":{"rendered":"\t\t<div data-elementor-type=\"wp-page\" data-elementor-id=\"10\" class=\"elementor elementor-10\">\n\t\t\t\t\t\t<section class=\"elementor-section elementor-top-section elementor-element elementor-element-54efa6d elementor-section-boxed elementor-section-height-default elementor-section-height-default\" data-id=\"54efa6d\" data-element_type=\"section\">\n\t\t\t\t\t\t<div class=\"elementor-container elementor-column-gap-default\">\n\t\t\t\t\t<div class=\"elementor-column elementor-col-100 elementor-top-column elementor-element elementor-element-aa773b6\" data-id=\"aa773b6\" data-element_type=\"column\">\n\t\t\t<div class=\"elementor-widget-wrap elementor-element-populated\">\n\t\t\t\t\t\t<div class=\"elementor-element elementor-element-6981472 elementor-widget elementor-widget-heading\" data-id=\"6981472\" data-element_type=\"widget\" data-widget_type=\"heading.default\">\n\t\t\t\t<div class=\"elementor-widget-container\">\n\t\t\t\t\t<h2 class=\"elementor-heading-title elementor-size-xl\">L'association GAIA<\/h2>\t\t\t\t<\/div>\n\t\t\t\t<\/div>\n\t\t\t\t\t<\/div>\n\t\t<\/div>\n\t\t\t\t\t<\/div>\n\t\t<\/section>\n\t\t\t\t<section class=\"elementor-section elementor-top-section elementor-element elementor-element-cddbcff elementor-section-boxed elementor-section-height-default elementor-section-height-default\" data-id=\"cddbcff\" data-element_type=\"section\">\n\t\t\t\t\t\t<div class=\"elementor-container elementor-column-gap-default\">\n\t\t\t\t\t<div class=\"elementor-column elementor-col-100 elementor-top-column elementor-element elementor-element-f7a37fd\" data-id=\"f7a37fd\" data-element_type=\"column\">\n\t\t\t<div class=\"elementor-widget-wrap elementor-element-populated\">\n\t\t\t\t\t\t<div class=\"elementor-element elementor-element-2c9eafb elementor-widget elementor-widget-spacer\" data-id=\"2c9eafb\" data-element_type=\"widget\" data-widget_type=\"spacer.default\">\n\t\t\t\t<div class=\"elementor-widget-container\">\n\t\t\t\t\t\t\t<div class=\"elementor-spacer\">\n\t\t\t<div class=\"elementor-spacer-inner\"><\/div>\n\t\t<\/div>\n\t\t\t\t\t\t<\/div>\n\t\t\t\t<\/div>\n\t\t\t\t<div class=\"elementor-element elementor-element-41a7a49 elementor-widget elementor-widget-text-editor\" data-id=\"41a7a49\" data-element_type=\"widget\" data-widget_type=\"text-editor.default\">\n\t\t\t\t<div class=\"elementor-widget-container\">\n\t\t\t\t\t\t\t\t\t<p><span style=\"color: #000000;\">Association de type loi 1901 cr\u00e9\u00e9e en mars 2014, dirig\u00e9e par un bureau compos\u00e9 de 4 personnes: <\/span><\/p><ul><li><span style=\"color: #000000;\">une pr\u00e9sidente: Mme Isabelle Chiffe<\/span><\/li><li><span style=\"color: #000000;\">un tr\u00e9sorier: M Arnaud Deville<\/span><\/li><li><span style=\"color: #000000;\">2 secr\u00e9taires: Mmes Dani\u00e8le Delafolie, Dominique Perrin.<\/span><\/li><\/ul><h2>\u00a0<\/h2><p><span style=\"color: #0000ff;\"><strong>Le Qi Gong et le Taiji Quan sont des arts \u00e9nerg\u00e9tiques internes.<\/strong><\/span><\/p><p><span style=\"color: #000000;\">\u00a0La pratique vise \u00e0 la construction d\u2019un corps sain que l\u2019on va tonifier, \u00e9tirer et \u00e9quilibrer en harmonie avec la respiration.<\/span><\/p><p><span style=\"color: #000000;\">Le Qi Gong est accessible \u00e0 tout le monde et \u00e0 tous les \u00e2ges, y compris \u00e0 ceux qui ont des difficult\u00e9s \u00e0 pratiquer des activit\u00e9s physiques intenses.<\/span><\/p><p><span style=\"color: #000000;\">Une pratique r\u00e9guli\u00e8re vise \u00e0\u00a0:<\/span><\/p><ul><li style=\"list-style-type: none;\"><ul><li style=\"list-style-type: none;\"><ul><li><span style=\"color: #000000;\">l\u2019\u00e9panouissement individuel de l\u2019\u00eatre<\/span><\/li><li><span style=\"color: #000000;\">l\u2019entretien de la sant\u00e9<\/span><\/li><li><span style=\"color: #000000;\">l\u2019\u00e9quilibre \u00e9motionnel <\/span><\/li><li><span style=\"color: #000000;\">l\u2019unit\u00e9 corps\/esprit <\/span><\/li><\/ul><\/li><\/ul><\/li><\/ul><h2><span style=\"color: #000000;\">\u00a0<span style=\"color: #0000ff;\">U<strong>ne offre de 5 ateliers hebdomadaires\u00a0 est propos\u00e9e:<\/strong><\/span><\/span><\/h2><ul><li style=\"list-style-type: none;\"><ul><li style=\"list-style-type: none;\"><ul><li><span style=\"color: #000000;\"> 3 cours de Qi Gong <\/span><\/li><li><span style=\"color: #000000;\">\u00a02 cours de Ta\u00ef Chi<\/span><\/li><\/ul><\/li><\/ul><\/li><\/ul><p><span style=\"color: #000000;\"><strong>Depuis Janvier 2017,\u00a0<\/strong> l&rsquo;association est partenaire du dispositif Sport sur Ordonnance, mis en place par le p\u00f4le sant\u00e9 de la municipalit\u00e9 de Narbonne.<\/span><\/p><p><span style=\"color: #000000;\">Les modalit\u00e9s pratiques (locaux, inscriptions&#8230;) sont assur\u00e9es par la plateforme Sport et Sant\u00e9 de la municipalit\u00e9, l&rsquo;association \u00e9tant uniquement prestataire de service.<\/span><\/p>\t\t\t\t\t\t\t\t<\/div>\n\t\t\t\t<\/div>\n\t\t\t\t<div class=\"elementor-element elementor-element-815aa8d elementor-widget elementor-widget-button\" data-id=\"815aa8d\" data-element_type=\"widget\" data-widget_type=\"button.default\">\n\t\t\t\t<div class=\"elementor-widget-container\">\n\t\t\t\t\t\t\t\t\t<div class=\"elementor-button-wrapper\">\n\t\t\t\t\t<a class=\"elementor-button elementor-button-link elementor-size-sm\" href=\"http:\/\/qigong-taichi-gaia.fr\/index.php\/cours\/\" target=\"_blank\">\n\t\t\t\t\t\t<span class=\"elementor-button-content-wrapper\">\n\t\t\t\t\t\t\t\t\t<span class=\"elementor-button-text\">En savoir +<\/span>\n\t\t\t\t\t<\/span>\n\t\t\t\t\t<\/a>\n\t\t\t\t<\/div>\n\t\t\t\t\t\t\t\t<\/div>\n\t\t\t\t<\/div>\n\t\t\t\t\t<\/div>\n\t\t<\/div>\n\t\t\t\t\t<\/div>\n\t\t<\/section>\n\t\t\t\t<\/div>\n\t\t","protected":false},"excerpt":{"rendered":"<p>L&rsquo;association GAIA Association de type loi 1901 cr\u00e9\u00e9e en mars 2014, dirig\u00e9e par un bureau compos\u00e9 de 4 personnes: une pr\u00e9sidente: Mme Isabelle Chiffe un tr\u00e9sorier: M Arnaud Deville 2 secr\u00e9taires: Mmes Dani\u00e8le Delafolie, Dominique Perrin. \u00a0 Le Qi Gong et le Taiji Quan sont des arts \u00e9nerg\u00e9tiques internes. \u00a0La pratique vise \u00e0 la construction [&hellip;]<\/p>\n","protected":false},"author":1,"featured_media":0,"parent":0,"menu_order":0,"comment_status":"closed","ping_status":"closed","template":"","meta":{"ocean_post_layout":"","ocean_both_sidebars_style":"","ocean_both_sidebars_content_width":0,"ocean_both_sidebars_sidebars_width":0,"ocean_sidebar":"0","ocean_second_sidebar":"0","ocean_disable_margins":"enable","ocean_add_body_class":"","ocean_shortcode_before_top_bar":"","ocean_shortcode_after_top_bar":"","ocean_shortcode_before_header":"","ocean_shortcode_after_header":"","ocean_has_shortcode":"","ocean_shortcode_after_title":"","ocean_shortcode_before_footer_widgets":"","ocean_shortcode_after_footer_widgets":"","ocean_shortcode_before_footer_bottom":"","ocean_shortcode_after_footer_bottom":"","ocean_display_top_bar":"default","ocean_display_header":"default","ocean_header_style":"","ocean_center_header_left_menu":"0","ocean_custom_header_template":"0","ocean_custom_logo":0,"ocean_custom_retina_logo":0,"ocean_custom_logo_max_width":0,"ocean_custom_logo_tablet_max_width":0,"ocean_custom_logo_mobile_max_width":0,"ocean_custom_logo_max_height":0,"ocean_custom_logo_tablet_max_height":0,"ocean_custom_logo_mobile_max_height":0,"ocean_header_custom_menu":"0","ocean_menu_typo_font_family":"0","ocean_menu_typo_font_subset":"","ocean_menu_typo_font_size":0,"ocean_menu_typo_font_size_tablet":0,"ocean_menu_typo_font_size_mobile":0,"ocean_menu_typo_font_size_unit":"px","ocean_menu_typo_font_weight":"","ocean_menu_typo_font_weight_tablet":"","ocean_menu_typo_font_weight_mobile":"","ocean_menu_typo_transform":"","ocean_menu_typo_transform_tablet":"","ocean_menu_typo_transform_mobile":"","ocean_menu_typo_line_height":0,"ocean_menu_typo_line_height_tablet":0,"ocean_menu_typo_line_height_mobile":0,"ocean_menu_typo_line_height_unit":"","ocean_menu_typo_spacing":0,"ocean_menu_typo_spacing_tablet":0,"ocean_menu_typo_spacing_mobile":0,"ocean_menu_typo_spacing_unit":"","ocean_menu_link_color":"","ocean_menu_link_color_hover":"","ocean_menu_link_color_active":"","ocean_menu_link_background":"","ocean_menu_link_hover_background":"","ocean_menu_link_active_background":"","ocean_menu_social_links_bg":"","ocean_menu_social_hover_links_bg":"","ocean_menu_social_links_color":"","ocean_menu_social_hover_links_color":"","ocean_disable_title":"default","ocean_disable_heading":"default","ocean_post_title":"","ocean_post_subheading":"","ocean_post_title_style":"","ocean_post_title_background_color":"","ocean_post_title_background":0,"ocean_post_title_bg_image_position":"","ocean_post_title_bg_image_attachment":"","ocean_post_title_bg_image_repeat":"","ocean_post_title_bg_image_size":"","ocean_post_title_height":0,"ocean_post_title_bg_overlay":0.5,"ocean_post_title_bg_overlay_color":"","ocean_disable_breadcrumbs":"default","ocean_breadcrumbs_color":"","ocean_breadcrumbs_separator_color":"","ocean_breadcrumbs_links_color":"","ocean_breadcrumbs_links_hover_color":"","ocean_display_footer_widgets":"default","ocean_display_footer_bottom":"default","ocean_custom_footer_template":"0","footnotes":""},"class_list":["post-10","page","type-page","status-publish","hentry","entry"],"_links":{"self":[{"href":"https:\/\/qigong-taichi-gaia.fr\/index.php\/wp-json\/wp\/v2\/pages\/10","targetHints":{"allow":["GET"]}}],"collection":[{"href":"https:\/\/qigong-taichi-gaia.fr\/index.php\/wp-json\/wp\/v2\/pages"}],"about":[{"href":"https:\/\/qigong-taichi-gaia.fr\/index.php\/wp-json\/wp\/v2\/types\/page"}],"author":[{"embeddable":true,"href":"https:\/\/qigong-taichi-gaia.fr\/index.php\/wp-json\/wp\/v2\/users\/1"}],"replies":[{"embeddable":true,"href":"https:\/\/qigong-taichi-gaia.fr\/index.php\/wp-json\/wp\/v2\/comments?post=10"}],"version-history":[{"count":44,"href":"https:\/\/qigong-taichi-gaia.fr\/index.php\/wp-json\/wp\/v2\/pages\/10\/revisions"}],"predecessor-version":[{"id":501,"href":"https:\/\/qigong-taichi-gaia.fr\/index.php\/wp-json\/wp\/v2\/pages\/10\/revisions\/501"}],"wp:attachment":[{"href":"https:\/\/qigong-taichi-gaia.fr\/index.php\/wp-json\/wp\/v2\/media?parent=10"}],"curies":[{"name":"wp","href":"https:\/\/api.w.org\/{rel}","templated":true}]}}