{"id":14,"date":"2022-08-05T14:09:46","date_gmt":"2022-08-05T12:09:46","guid":{"rendered":"http:\/\/qigong-taichi-gaia.fr\/?page_id=14"},"modified":"2026-02-17T16:34:18","modified_gmt":"2026-02-17T15:34:18","slug":"qi-gong","status":"publish","type":"page","link":"https:\/\/qigong-taichi-gaia.fr\/index.php\/qi-gong\/","title":{"rendered":"Qi Gong"},"content":{"rendered":"\t\t<div data-elementor-type=\"wp-page\" data-elementor-id=\"14\" class=\"elementor elementor-14\">\n\t\t\t\t\t\t<section class=\"elementor-section elementor-top-section elementor-element elementor-element-5edbbf1 elementor-section-boxed elementor-section-height-default elementor-section-height-default\" data-id=\"5edbbf1\" data-element_type=\"section\">\n\t\t\t\t\t\t<div class=\"elementor-container elementor-column-gap-default\">\n\t\t\t\t\t<div class=\"elementor-column elementor-col-100 elementor-top-column elementor-element elementor-element-af2dbcc\" data-id=\"af2dbcc\" data-element_type=\"column\">\n\t\t\t<div class=\"elementor-widget-wrap elementor-element-populated\">\n\t\t\t\t\t\t<div class=\"elementor-element elementor-element-a04fa2a elementor-widget elementor-widget-heading\" data-id=\"a04fa2a\" data-element_type=\"widget\" data-widget_type=\"heading.default\">\n\t\t\t\t<div class=\"elementor-widget-container\">\n\t\t\t\t\t<h2 class=\"elementor-heading-title elementor-size-xl\">Le Qi Gong<\/h2>\t\t\t\t<\/div>\n\t\t\t\t<\/div>\n\t\t\t\t\t<\/div>\n\t\t<\/div>\n\t\t\t\t\t<\/div>\n\t\t<\/section>\n\t\t\t\t<section class=\"elementor-section elementor-top-section elementor-element elementor-element-8352c84 elementor-section-boxed elementor-section-height-default elementor-section-height-default\" data-id=\"8352c84\" data-element_type=\"section\">\n\t\t\t\t\t\t<div class=\"elementor-container elementor-column-gap-default\">\n\t\t\t\t\t<div class=\"elementor-column elementor-col-100 elementor-top-column elementor-element elementor-element-a309c80\" data-id=\"a309c80\" data-element_type=\"column\">\n\t\t\t<div class=\"elementor-widget-wrap elementor-element-populated\">\n\t\t\t\t\t\t<div class=\"elementor-element elementor-element-a72bb10 elementor-widget elementor-widget-spacer\" data-id=\"a72bb10\" data-element_type=\"widget\" data-widget_type=\"spacer.default\">\n\t\t\t\t<div class=\"elementor-widget-container\">\n\t\t\t\t\t\t\t<div class=\"elementor-spacer\">\n\t\t\t<div class=\"elementor-spacer-inner\"><\/div>\n\t\t<\/div>\n\t\t\t\t\t\t<\/div>\n\t\t\t\t<\/div>\n\t\t\t\t\t<\/div>\n\t\t<\/div>\n\t\t\t\t\t<\/div>\n\t\t<\/section>\n\t\t\t\t<section class=\"elementor-section elementor-top-section elementor-element elementor-element-a1190db elementor-section-boxed elementor-section-height-default elementor-section-height-default\" data-id=\"a1190db\" data-element_type=\"section\">\n\t\t\t\t\t\t<div class=\"elementor-container elementor-column-gap-default\">\n\t\t\t\t\t<div class=\"elementor-column elementor-col-100 elementor-top-column elementor-element elementor-element-07c2fac\" data-id=\"07c2fac\" data-element_type=\"column\">\n\t\t\t<div class=\"elementor-widget-wrap elementor-element-populated\">\n\t\t\t\t\t\t<div class=\"elementor-element elementor-element-4546b9c elementor-widget elementor-widget-text-editor\" data-id=\"4546b9c\" data-element_type=\"widget\" data-widget_type=\"text-editor.default\">\n\t\t\t\t<div class=\"elementor-widget-container\">\n\t\t\t\t\t\t\t\t\t<p><span style=\"color: #000000;\"><strong>Le Qi Gong, art de sant\u00e9<\/strong>, regroupe l&rsquo;ensemble de techniques mill\u00e9naires et <strong>fait partie des cinq piliers de la m\u00e9decine traditionnelle chinoise.<\/strong><\/span><\/p><p><span style=\"color: #000000;\">Quotidiennement pratiqu\u00e9 en Chine, il est de plus en plus int\u00e9gr\u00e9 aux soins en milieux sp\u00e9cialis\u00e9s en occident (h\u00f4pitaux, maisons de retraite, centres de r\u00e9\u00e9ducation&#8230;)<\/span><\/p><p><strong><span style=\"color: #000000;\">La ma\u00eetrise du souffle \u00e0 travers le mouvement favorise la circulation du flux vital.<\/span><\/strong><\/p><p><span style=\"color: #000000;\">Pratiqu\u00e9 collectivement, le Qi Gong a cependant <strong>une dimension individuelle importante.<\/strong><\/span><\/p><p><strong><span style=\"color: #000000;\">Le Qi Gong peut \u00eatre pratiqu\u00e9 par tous, sans contrainte d&rsquo;\u00e2ge, de condition physique ou d&rsquo;\u00e9tat de sant\u00e9.<\/span><\/strong><\/p><p><span style=\"color: #000000;\">Des \u00e9tudes scientifiques ont montr\u00e9 qu&rsquo;une pratique r\u00e9guli\u00e8re du Qi Gong permet de r\u00e9duire l&rsquo;hypertension, la douleur chronique, d&rsquo;am\u00e9liorer la qualit\u00e9 de vie de patients atteints de cancer, de r\u00e9duire les sympt\u00f4mes li\u00e9s \u00e0 la maladie de Parkinson, d&rsquo;am\u00e9liorer la fonction cardio-pulmonaire et l&rsquo;ensemble de la circulation des fluides (sang, lymphe), de contribuer \u00e0 la gestion des sympt\u00f4mes associ\u00e9s au diab\u00e8te de type II&#8230;<\/span><\/p>\t\t\t\t\t\t\t\t<\/div>\n\t\t\t\t<\/div>\n\t\t\t\t<div class=\"elementor-element elementor-element-ef1043d elementor-widget-divider--view-line elementor-widget elementor-widget-divider\" data-id=\"ef1043d\" data-element_type=\"widget\" data-widget_type=\"divider.default\">\n\t\t\t\t<div class=\"elementor-widget-container\">\n\t\t\t\t\t\t\t<div class=\"elementor-divider\">\n\t\t\t<span class=\"elementor-divider-separator\">\n\t\t\t\t\t\t<\/span>\n\t\t<\/div>\n\t\t\t\t\t\t<\/div>\n\t\t\t\t<\/div>\n\t\t\t\t<div class=\"elementor-element elementor-element-a9b82b5 elementor-widget elementor-widget-text-editor\" data-id=\"a9b82b5\" data-element_type=\"widget\" data-widget_type=\"text-editor.default\">\n\t\t\t\t<div class=\"elementor-widget-container\">\n\t\t\t\t\t\t\t\t\t<p><span style=\"text-decoration: underline; color: #000000;\"><strong>Informations pratiques<\/strong><\/span><\/p><p><span style=\"color: #000000;\">Les cours s&rsquo;adressent \u00e0 tous, d\u00e9butants et confirm\u00e9s pratiquent ensemble.<\/span><\/p><p><span style=\"color: #000000;\">Une tenue confortable est conseill\u00e9e.<\/span><\/p><p><span style=\"color: #000000;\">Pour conna\u00eetre les jours, horaires, lieu des ateliers, et tarifs,\u00a0<\/span> <span style=\"color: #00ccff;\"><a style=\"color: #00ccff;\" href=\"http:\/\/qigong-taichi-gaia.fr\/index.php\/cours\/\" target=\"_blank\" rel=\"noopener\">cliquez ici<\/a><\/span><\/p>\t\t\t\t\t\t\t\t<\/div>\n\t\t\t\t<\/div>\n\t\t\t\t\t<\/div>\n\t\t<\/div>\n\t\t\t\t\t<\/div>\n\t\t<\/section>\n\t\t\t\t<\/div>\n\t\t","protected":false},"excerpt":{"rendered":"<p>Le Qi Gong Le Qi Gong, art de sant\u00e9, regroupe l&rsquo;ensemble de techniques mill\u00e9naires et fait partie des cinq piliers de la m\u00e9decine traditionnelle chinoise. Quotidiennement pratiqu\u00e9 en Chine, il est de plus en plus int\u00e9gr\u00e9 aux soins en milieux sp\u00e9cialis\u00e9s en occident (h\u00f4pitaux, maisons de retraite, centres de r\u00e9\u00e9ducation&#8230;) La ma\u00eetrise du souffle \u00e0 [&hellip;]<\/p>\n","protected":false},"author":1,"featured_media":0,"parent":0,"menu_order":0,"comment_status":"closed","ping_status":"closed","template":"","meta":{"ocean_post_layout":"","ocean_both_sidebars_style":"","ocean_both_sidebars_content_width":0,"ocean_both_sidebars_sidebars_width":0,"ocean_sidebar":"0","ocean_second_sidebar":"0","ocean_disable_margins":"enable","ocean_add_body_class":"","ocean_shortcode_before_top_bar":"","ocean_shortcode_after_top_bar":"","ocean_shortcode_before_header":"","ocean_shortcode_after_header":"","ocean_has_shortcode":"","ocean_shortcode_after_title":"","ocean_shortcode_before_footer_widgets":"","ocean_shortcode_after_footer_widgets":"","ocean_shortcode_before_footer_bottom":"","ocean_shortcode_after_footer_bottom":"","ocean_display_top_bar":"default","ocean_display_header":"default","ocean_header_style":"","ocean_center_header_left_menu":"0","ocean_custom_header_template":"0","ocean_custom_logo":0,"ocean_custom_retina_logo":0,"ocean_custom_logo_max_width":0,"ocean_custom_logo_tablet_max_width":0,"ocean_custom_logo_mobile_max_width":0,"ocean_custom_logo_max_height":0,"ocean_custom_logo_tablet_max_height":0,"ocean_custom_logo_mobile_max_height":0,"ocean_header_custom_menu":"0","ocean_menu_typo_font_family":"0","ocean_menu_typo_font_subset":"","ocean_menu_typo_font_size":0,"ocean_menu_typo_font_size_tablet":0,"ocean_menu_typo_font_size_mobile":0,"ocean_menu_typo_font_size_unit":"px","ocean_menu_typo_font_weight":"","ocean_menu_typo_font_weight_tablet":"","ocean_menu_typo_font_weight_mobile":"","ocean_menu_typo_transform":"","ocean_menu_typo_transform_tablet":"","ocean_menu_typo_transform_mobile":"","ocean_menu_typo_line_height":0,"ocean_menu_typo_line_height_tablet":0,"ocean_menu_typo_line_height_mobile":0,"ocean_menu_typo_line_height_unit":"","ocean_menu_typo_spacing":0,"ocean_menu_typo_spacing_tablet":0,"ocean_menu_typo_spacing_mobile":0,"ocean_menu_typo_spacing_unit":"","ocean_menu_link_color":"","ocean_menu_link_color_hover":"","ocean_menu_link_color_active":"","ocean_menu_link_background":"","ocean_menu_link_hover_background":"","ocean_menu_link_active_background":"","ocean_menu_social_links_bg":"","ocean_menu_social_hover_links_bg":"","ocean_menu_social_links_color":"","ocean_menu_social_hover_links_color":"","ocean_disable_title":"default","ocean_disable_heading":"default","ocean_post_title":"","ocean_post_subheading":"","ocean_post_title_style":"","ocean_post_title_background_color":"","ocean_post_title_background":0,"ocean_post_title_bg_image_position":"","ocean_post_title_bg_image_attachment":"","ocean_post_title_bg_image_repeat":"","ocean_post_title_bg_image_size":"","ocean_post_title_height":0,"ocean_post_title_bg_overlay":0.5,"ocean_post_title_bg_overlay_color":"","ocean_disable_breadcrumbs":"default","ocean_breadcrumbs_color":"","ocean_breadcrumbs_separator_color":"","ocean_breadcrumbs_links_color":"","ocean_breadcrumbs_links_hover_color":"","ocean_display_footer_widgets":"default","ocean_display_footer_bottom":"default","ocean_custom_footer_template":"0","footnotes":""},"class_list":["post-14","page","type-page","status-publish","hentry","entry"],"_links":{"self":[{"href":"https:\/\/qigong-taichi-gaia.fr\/index.php\/wp-json\/wp\/v2\/pages\/14","targetHints":{"allow":["GET"]}}],"collection":[{"href":"https:\/\/qigong-taichi-gaia.fr\/index.php\/wp-json\/wp\/v2\/pages"}],"about":[{"href":"https:\/\/qigong-taichi-gaia.fr\/index.php\/wp-json\/wp\/v2\/types\/page"}],"author":[{"embeddable":true,"href":"https:\/\/qigong-taichi-gaia.fr\/index.php\/wp-json\/wp\/v2\/users\/1"}],"replies":[{"embeddable":true,"href":"https:\/\/qigong-taichi-gaia.fr\/index.php\/wp-json\/wp\/v2\/comments?post=14"}],"version-history":[{"count":53,"href":"https:\/\/qigong-taichi-gaia.fr\/index.php\/wp-json\/wp\/v2\/pages\/14\/revisions"}],"predecessor-version":[{"id":629,"href":"https:\/\/qigong-taichi-gaia.fr\/index.php\/wp-json\/wp\/v2\/pages\/14\/revisions\/629"}],"wp:attachment":[{"href":"https:\/\/qigong-taichi-gaia.fr\/index.php\/wp-json\/wp\/v2\/media?parent=14"}],"curies":[{"name":"wp","href":"https:\/\/api.w.org\/{rel}","templated":true}]}}