{"id":7,"date":"2022-08-05T14:08:49","date_gmt":"2022-08-05T12:08:49","guid":{"rendered":"http:\/\/qigong-taichi-gaia.fr\/?page_id=7"},"modified":"2026-02-04T17:29:05","modified_gmt":"2026-02-04T16:29:05","slug":"accueil","status":"publish","type":"page","link":"https:\/\/qigong-taichi-gaia.fr\/","title":{"rendered":"Accueil"},"content":{"rendered":"\t\t<div data-elementor-type=\"wp-page\" data-elementor-id=\"7\" class=\"elementor elementor-7\">\n\t\t\t\t\t\t<section class=\"elementor-section elementor-top-section elementor-element elementor-element-1fdfe86 elementor-section-height-min-height elementor-section-items-stretch elementor-section-boxed elementor-section-height-default\" data-id=\"1fdfe86\" data-element_type=\"section\" data-settings=\"{&quot;background_background&quot;:&quot;slideshow&quot;,&quot;background_slideshow_gallery&quot;:[{&quot;id&quot;:444,&quot;url&quot;:&quot;http:\\\/\\\/qigong-taichi-gaia.fr\\\/wp-content\\\/uploads\\\/2024\\\/05\\\/bandeau-haut-de-page.png&quot;}],&quot;background_slideshow_loop&quot;:&quot;yes&quot;,&quot;background_slideshow_slide_duration&quot;:5000,&quot;background_slideshow_slide_transition&quot;:&quot;fade&quot;,&quot;background_slideshow_transition_duration&quot;:500}\">\n\t\t\t\t\t\t\t<div class=\"elementor-background-overlay\"><\/div>\n\t\t\t\t\t\t\t<div class=\"elementor-container elementor-column-gap-default\">\n\t\t\t\t\t<div class=\"elementor-column elementor-col-100 elementor-top-column elementor-element elementor-element-ea117eb\" data-id=\"ea117eb\" data-element_type=\"column\">\n\t\t\t<div class=\"elementor-widget-wrap\">\n\t\t\t\t\t\t\t<\/div>\n\t\t<\/div>\n\t\t\t\t\t<\/div>\n\t\t<\/section>\n\t\t\t\t<section class=\"elementor-section elementor-top-section elementor-element elementor-element-cb230d2 elementor-section-height-min-height animated-slow elementor-section-boxed elementor-section-height-default elementor-section-items-middle elementor-invisible\" data-id=\"cb230d2\" data-element_type=\"section\" data-settings=\"{&quot;animation&quot;:&quot;fadeInDown&quot;,&quot;animation_delay&quot;:600}\">\n\t\t\t\t\t\t<div class=\"elementor-container elementor-column-gap-no\">\n\t\t\t\t\t<div class=\"elementor-column elementor-col-50 elementor-top-column elementor-element elementor-element-e701ad8\" data-id=\"e701ad8\" data-element_type=\"column\">\n\t\t\t<div class=\"elementor-widget-wrap elementor-element-populated\">\n\t\t\t\t\t\t<div class=\"elementor-element elementor-element-b2ab25d elementor-widget elementor-widget-image\" data-id=\"b2ab25d\" data-element_type=\"widget\" data-widget_type=\"image.default\">\n\t\t\t\t<div class=\"elementor-widget-container\">\n\t\t\t\t\t\t\t\t\t\t\t\t\t\t\t<img fetchpriority=\"high\" decoding=\"async\" width=\"500\" height=\"500\" src=\"https:\/\/qigong-taichi-gaia.fr\/wp-content\/uploads\/2024\/04\/Gaia-logo.jpg\" class=\"attachment-full size-full wp-image-441\" alt=\"\" srcset=\"https:\/\/qigong-taichi-gaia.fr\/wp-content\/uploads\/2024\/04\/Gaia-logo.jpg 500w, https:\/\/qigong-taichi-gaia.fr\/wp-content\/uploads\/2024\/04\/Gaia-logo-300x300.jpg 300w, https:\/\/qigong-taichi-gaia.fr\/wp-content\/uploads\/2024\/04\/Gaia-logo-150x150.jpg 150w\" sizes=\"(max-width: 500px) 100vw, 500px\" \/>\t\t\t\t\t\t\t\t\t\t\t\t\t\t\t<\/div>\n\t\t\t\t<\/div>\n\t\t\t\t\t<\/div>\n\t\t<\/div>\n\t\t\t\t<div class=\"elementor-column elementor-col-50 elementor-top-column elementor-element elementor-element-f3ca806\" data-id=\"f3ca806\" data-element_type=\"column\">\n\t\t\t<div class=\"elementor-widget-wrap elementor-element-populated\">\n\t\t\t\t\t\t<div class=\"elementor-element elementor-element-4cf4c49 elementor-widget__width-initial elementor-widget elementor-widget-heading\" data-id=\"4cf4c49\" data-element_type=\"widget\" data-widget_type=\"heading.default\">\n\t\t\t\t<div class=\"elementor-widget-container\">\n\t\t\t\t\t<h3 class=\"elementor-heading-title elementor-size-xl\">QI GONG <br> TA\u00cf CHI CHUAN<\/h3>\t\t\t\t<\/div>\n\t\t\t\t<\/div>\n\t\t\t\t\t<\/div>\n\t\t<\/div>\n\t\t\t\t\t<\/div>\n\t\t<\/section>\n\t\t\t\t<section class=\"elementor-section elementor-top-section elementor-element elementor-element-ec676d9 elementor-section-boxed elementor-section-height-default elementor-section-height-default\" data-id=\"ec676d9\" data-element_type=\"section\">\n\t\t\t\t\t\t<div class=\"elementor-container elementor-column-gap-default\">\n\t\t\t\t\t<div class=\"elementor-column elementor-col-100 elementor-top-column elementor-element elementor-element-4260698\" data-id=\"4260698\" data-element_type=\"column\">\n\t\t\t<div class=\"elementor-widget-wrap elementor-element-populated\">\n\t\t\t\t\t\t<div class=\"elementor-element elementor-element-6422a44 elementor-widget elementor-widget-text-editor\" data-id=\"6422a44\" data-element_type=\"widget\" data-widget_type=\"text-editor.default\">\n\t\t\t\t<div class=\"elementor-widget-container\">\n\t\t\t\t\t\t\t\t\t<h1 style=\"text-align: center;\"><span style=\"color: #8e5cbf;\"><strong>\u00a0 L&rsquo;association GAIA propose sur Narbonne des ateliers de Qi Gong et de Ta\u00ef Chi<\/strong><\/span><\/h1><h3><strong>L&rsquo;association GA\u00cfA a comme objet de promouvoir l&rsquo;\u00e9tude , l&rsquo;enseignement et la pratique de ces arts \u00e9nerg\u00e9tiques internes, dans une perspective de maintien et\/ou d&rsquo;am\u00e9lioration de la sant\u00e9 et de l&rsquo;autonomie. <\/strong><\/h3><h3><span style=\"color: #000000;\"><strong>On peut ajouter, tant pour le Qi Gong que pour le Ta\u00ef Chi, un ressenti d&rsquo;am\u00e9lioration globale de la qualit\u00e9 de vie, des aptitudes relationnelles, le maintien du lien social. <\/strong><\/span>De nombreuses \u00e9tudes ont d\u00e9montr\u00e9 les bienfaits de ces disciplines,\u00a0 en particulier l&rsquo;am\u00e9lioration des capacit\u00e9s cognitives.<\/h3><h4>N&rsquo;h\u00e9sitez pas \u00e0 parcourir l&rsquo;ensemble du site pour faire connaissance avec l&rsquo;association.<\/h4><h4>Vous souhaitez de plus amples informations?<\/h4><h4>Contactez-nous \u00e0 <span style=\"color: #3366ff;\"><a style=\"color: #3366ff;\" href=\"mailto:gaia.qg.narbonne@gmail.com\">gaia.qg.narbonne@gmail.com<\/a><\/span><\/h4>\t\t\t\t\t\t\t\t<\/div>\n\t\t\t\t<\/div>\n\t\t\t\t\t<\/div>\n\t\t<\/div>\n\t\t\t\t\t<\/div>\n\t\t<\/section>\n\t\t\t\t<section class=\"elementor-section elementor-top-section elementor-element elementor-element-d4f06c3 elementor-section-boxed elementor-section-height-default elementor-section-height-default\" data-id=\"d4f06c3\" data-element_type=\"section\">\n\t\t\t\t\t\t<div class=\"elementor-container elementor-column-gap-default\">\n\t\t\t\t\t<div class=\"elementor-column elementor-col-100 elementor-top-column elementor-element elementor-element-cc2291a\" data-id=\"cc2291a\" data-element_type=\"column\">\n\t\t\t<div class=\"elementor-widget-wrap elementor-element-populated\">\n\t\t\t\t\t\t\t<\/div>\n\t\t<\/div>\n\t\t\t\t\t<\/div>\n\t\t<\/section>\n\t\t\t\t<section class=\"elementor-section elementor-top-section elementor-element elementor-element-93ce226 elementor-section-boxed elementor-section-height-default elementor-section-height-default\" data-id=\"93ce226\" data-element_type=\"section\">\n\t\t\t\t\t\t<div class=\"elementor-container elementor-column-gap-default\">\n\t\t\t\t\t<div class=\"elementor-column elementor-col-50 elementor-top-column elementor-element elementor-element-f52277d\" data-id=\"f52277d\" data-element_type=\"column\">\n\t\t\t<div class=\"elementor-widget-wrap elementor-element-populated\">\n\t\t\t\t\t\t<div class=\"elementor-element elementor-element-051a1e0 elementor-widget elementor-widget-text-editor\" data-id=\"051a1e0\" data-element_type=\"widget\" data-widget_type=\"text-editor.default\">\n\t\t\t\t<div class=\"elementor-widget-container\">\n\t\t\t\t\t\t\t\t\t<h4><span style=\"text-decoration: underline;\">Qi Gong<\/span><\/h4><h4>Le Qi Gong est un art de sant\u00e9 qui vise \u00e0 renforcer les diff\u00e9rents organes et \u00e0 pr\u00e9venir les maladies.<\/h4><h4><span style=\"color: #00ccff;\"><a style=\"color: #00ccff;\" href=\"http:\/\/qigong-taichi-gaia.fr\/index.php\/qi-gong\/\" target=\"_blank\" rel=\"noopener\">En savoir +<\/a><\/span><\/h4>\t\t\t\t\t\t\t\t<\/div>\n\t\t\t\t<\/div>\n\t\t\t\t<div class=\"elementor-element elementor-element-21d2253 elementor-widget elementor-widget-image\" data-id=\"21d2253\" data-element_type=\"widget\" data-widget_type=\"image.default\">\n\t\t\t\t<div class=\"elementor-widget-container\">\n\t\t\t\t\t\t\t\t\t\t\t\t\t\t\t<img decoding=\"async\" width=\"200\" height=\"300\" src=\"https:\/\/qigong-taichi-gaia.fr\/wp-content\/uploads\/2022\/08\/gi-gong-200x300.jpg\" class=\"attachment-medium size-medium wp-image-6\" alt=\"\" srcset=\"https:\/\/qigong-taichi-gaia.fr\/wp-content\/uploads\/2022\/08\/gi-gong-200x300.jpg 200w, https:\/\/qigong-taichi-gaia.fr\/wp-content\/uploads\/2022\/08\/gi-gong-683x1024.jpg 683w, https:\/\/qigong-taichi-gaia.fr\/wp-content\/uploads\/2022\/08\/gi-gong-768x1151.jpg 768w, https:\/\/qigong-taichi-gaia.fr\/wp-content\/uploads\/2022\/08\/gi-gong-1025x1536.jpg 1025w, https:\/\/qigong-taichi-gaia.fr\/wp-content\/uploads\/2022\/08\/gi-gong.jpg 1344w\" sizes=\"(max-width: 200px) 100vw, 200px\" \/>\t\t\t\t\t\t\t\t\t\t\t\t\t\t\t<\/div>\n\t\t\t\t<\/div>\n\t\t\t\t\t<\/div>\n\t\t<\/div>\n\t\t\t\t<div class=\"elementor-column elementor-col-50 elementor-top-column elementor-element elementor-element-12f8097\" data-id=\"12f8097\" data-element_type=\"column\">\n\t\t\t<div class=\"elementor-widget-wrap elementor-element-populated\">\n\t\t\t\t\t\t<div class=\"elementor-element elementor-element-9156d11 elementor-widget elementor-widget-text-editor\" data-id=\"9156d11\" data-element_type=\"widget\" data-widget_type=\"text-editor.default\">\n\t\t\t\t<div class=\"elementor-widget-container\">\n\t\t\t\t\t\t\t\t\t<h4><span style=\"text-decoration: underline;\">Ta\u00ef Chi<\/span><\/h4><h4>Le Ta\u00ef Chi est un art martial. Il associe des mouvements lents, fluides, continus et circulaires dans le but d&rsquo;\u00e9quilibre le chi.<\/h4><h4><a href=\"http:\/\/qigong-taichi-gaia.fr\/index.php\/tai-chi\/\" target=\"_blank\" rel=\"noopener\"><span style=\"color: #00ccff;\">En savoir +<\/span><\/a><\/h4>\t\t\t\t\t\t\t\t<\/div>\n\t\t\t\t<\/div>\n\t\t\t\t<div class=\"elementor-element elementor-element-bf4ce98 elementor-widget elementor-widget-image\" data-id=\"bf4ce98\" data-element_type=\"widget\" data-widget_type=\"image.default\">\n\t\t\t\t<div class=\"elementor-widget-container\">\n\t\t\t\t\t\t\t\t\t\t\t\t\t\t\t<img decoding=\"async\" width=\"173\" height=\"300\" src=\"https:\/\/qigong-taichi-gaia.fr\/wp-content\/uploads\/2022\/08\/tai-chi-2-173x300.jpg\" class=\"attachment-medium size-medium wp-image-5\" alt=\"\" srcset=\"https:\/\/qigong-taichi-gaia.fr\/wp-content\/uploads\/2022\/08\/tai-chi-2-173x300.jpg 173w, https:\/\/qigong-taichi-gaia.fr\/wp-content\/uploads\/2022\/08\/tai-chi-2.jpg 447w\" sizes=\"(max-width: 173px) 100vw, 173px\" \/>\t\t\t\t\t\t\t\t\t\t\t\t\t\t\t<\/div>\n\t\t\t\t<\/div>\n\t\t\t\t\t<\/div>\n\t\t<\/div>\n\t\t\t\t\t<\/div>\n\t\t<\/section>\n\t\t\t\t<\/div>\n\t\t","protected":false},"excerpt":{"rendered":"<p>QI GONG TA\u00cf CHI CHUAN \u00a0 L&rsquo;association GAIA propose sur Narbonne des ateliers de Qi Gong et de Ta\u00ef Chi L&rsquo;association GA\u00cfA a comme objet de promouvoir l&rsquo;\u00e9tude , l&rsquo;enseignement et la pratique de ces arts \u00e9nerg\u00e9tiques internes, dans une perspective de maintien et\/ou d&rsquo;am\u00e9lioration de la sant\u00e9 et de l&rsquo;autonomie. On peut ajouter, tant [&hellip;]<\/p>\n","protected":false},"author":1,"featured_media":0,"parent":0,"menu_order":0,"comment_status":"closed","ping_status":"closed","template":"","meta":{"ocean_post_layout":"","ocean_both_sidebars_style":"","ocean_both_sidebars_content_width":0,"ocean_both_sidebars_sidebars_width":0,"ocean_sidebar":"0","ocean_second_sidebar":"0","ocean_disable_margins":"enable","ocean_add_body_class":"","ocean_shortcode_before_top_bar":"","ocean_shortcode_after_top_bar":"","ocean_shortcode_before_header":"","ocean_shortcode_after_header":"","ocean_has_shortcode":"","ocean_shortcode_after_title":"","ocean_shortcode_before_footer_widgets":"","ocean_shortcode_after_footer_widgets":"","ocean_shortcode_before_footer_bottom":"","ocean_shortcode_after_footer_bottom":"","ocean_display_top_bar":"default","ocean_display_header":"default","ocean_header_style":"","ocean_center_header_left_menu":"0","ocean_custom_header_template":"0","ocean_custom_logo":0,"ocean_custom_retina_logo":0,"ocean_custom_logo_max_width":0,"ocean_custom_logo_tablet_max_width":0,"ocean_custom_logo_mobile_max_width":0,"ocean_custom_logo_max_height":0,"ocean_custom_logo_tablet_max_height":0,"ocean_custom_logo_mobile_max_height":0,"ocean_header_custom_menu":"0","ocean_menu_typo_font_family":"0","ocean_menu_typo_font_subset":"","ocean_menu_typo_font_size":0,"ocean_menu_typo_font_size_tablet":0,"ocean_menu_typo_font_size_mobile":0,"ocean_menu_typo_font_size_unit":"px","ocean_menu_typo_font_weight":"","ocean_menu_typo_font_weight_tablet":"","ocean_menu_typo_font_weight_mobile":"","ocean_menu_typo_transform":"","ocean_menu_typo_transform_tablet":"","ocean_menu_typo_transform_mobile":"","ocean_menu_typo_line_height":0,"ocean_menu_typo_line_height_tablet":0,"ocean_menu_typo_line_height_mobile":0,"ocean_menu_typo_line_height_unit":"","ocean_menu_typo_spacing":0,"ocean_menu_typo_spacing_tablet":0,"ocean_menu_typo_spacing_mobile":0,"ocean_menu_typo_spacing_unit":"","ocean_menu_link_color":"","ocean_menu_link_color_hover":"","ocean_menu_link_color_active":"","ocean_menu_link_background":"","ocean_menu_link_hover_background":"","ocean_menu_link_active_background":"","ocean_menu_social_links_bg":"","ocean_menu_social_hover_links_bg":"","ocean_menu_social_links_color":"","ocean_menu_social_hover_links_color":"","ocean_disable_title":"default","ocean_disable_heading":"default","ocean_post_title":"","ocean_post_subheading":"","ocean_post_title_style":"","ocean_post_title_background_color":"","ocean_post_title_background":0,"ocean_post_title_bg_image_position":"","ocean_post_title_bg_image_attachment":"","ocean_post_title_bg_image_repeat":"","ocean_post_title_bg_image_size":"","ocean_post_title_height":0,"ocean_post_title_bg_overlay":0.5,"ocean_post_title_bg_overlay_color":"","ocean_disable_breadcrumbs":"default","ocean_breadcrumbs_color":"","ocean_breadcrumbs_separator_color":"","ocean_breadcrumbs_links_color":"","ocean_breadcrumbs_links_hover_color":"","ocean_display_footer_widgets":"default","ocean_display_footer_bottom":"default","ocean_custom_footer_template":"0","footnotes":""},"class_list":["post-7","page","type-page","status-publish","hentry","entry"],"_links":{"self":[{"href":"https:\/\/qigong-taichi-gaia.fr\/index.php\/wp-json\/wp\/v2\/pages\/7","targetHints":{"allow":["GET"]}}],"collection":[{"href":"https:\/\/qigong-taichi-gaia.fr\/index.php\/wp-json\/wp\/v2\/pages"}],"about":[{"href":"https:\/\/qigong-taichi-gaia.fr\/index.php\/wp-json\/wp\/v2\/types\/page"}],"author":[{"embeddable":true,"href":"https:\/\/qigong-taichi-gaia.fr\/index.php\/wp-json\/wp\/v2\/users\/1"}],"replies":[{"embeddable":true,"href":"https:\/\/qigong-taichi-gaia.fr\/index.php\/wp-json\/wp\/v2\/comments?post=7"}],"version-history":[{"count":179,"href":"https:\/\/qigong-taichi-gaia.fr\/index.php\/wp-json\/wp\/v2\/pages\/7\/revisions"}],"predecessor-version":[{"id":614,"href":"https:\/\/qigong-taichi-gaia.fr\/index.php\/wp-json\/wp\/v2\/pages\/7\/revisions\/614"}],"wp:attachment":[{"href":"https:\/\/qigong-taichi-gaia.fr\/index.php\/wp-json\/wp\/v2\/media?parent=7"}],"curies":[{"name":"wp","href":"https:\/\/api.w.org\/{rel}","templated":true}]}}